{"id":727,"date":"2026-03-11T17:37:07","date_gmt":"2026-03-11T16:37:07","guid":{"rendered":"https:\/\/drszakalagnes.hu\/?page_id=727"},"modified":"2026-03-15T15:35:52","modified_gmt":"2026-03-15T14:35:52","slug":"galeria","status":"publish","type":"page","link":"https:\/\/drszakalagnes.hu\/index.php\/galeria\/","title":{"rendered":"Gal\u00e9ria"},"content":{"rendered":"\n<div class=\"gb-element-30c2350b\">\n<h1 class=\"gb-text gb-text-ed3caa8a\">Gal\u00e9ria<\/h1>\n\n\n\n<figure class=\"wp-block-gallery has-nested-images columns-default is-cropped wp-block-gallery-1 is-layout-flex wp-block-gallery-is-layout-flex\">\n<figure class=\"wp-block-image size-large\"><a href=\"https:\/\/drszakalagnes.hu\/wp-content\/uploads\/2026\/03\/emdr-terapeuta-kecskemet-11.jpg\"><img loading=\"lazy\" decoding=\"async\" width=\"682\" height=\"1024\" data-id=\"697\" src=\"https:\/\/drszakalagnes.hu\/wp-content\/uploads\/2026\/03\/emdr-terapeuta-kecskemet-11-682x1024.jpg\" alt=\"\" class=\"wp-image-697\" srcset=\"https:\/\/drszakalagnes.hu\/wp-content\/uploads\/2026\/03\/emdr-terapeuta-kecskemet-11-682x1024.jpg 682w, https:\/\/drszakalagnes.hu\/wp-content\/uploads\/2026\/03\/emdr-terapeuta-kecskemet-11-200x300.jpg 200w, https:\/\/drszakalagnes.hu\/wp-content\/uploads\/2026\/03\/emdr-terapeuta-kecskemet-11-768x1154.jpg 768w, https:\/\/drszakalagnes.hu\/wp-content\/uploads\/2026\/03\/emdr-terapeuta-kecskemet-11.jpg 800w\" sizes=\"auto, (max-width: 682px) 100vw, 682px\" \/><\/a><\/figure>\n\n\n\n<figure class=\"wp-block-image size-large\"><a href=\"https:\/\/drszakalagnes.hu\/wp-content\/uploads\/2026\/03\/emdr-terapeuta-kecskemet-2.jpg\"><img loading=\"lazy\" decoding=\"async\" width=\"682\" height=\"1024\" data-id=\"704\" src=\"https:\/\/drszakalagnes.hu\/wp-content\/uploads\/2026\/03\/emdr-terapeuta-kecskemet-2-682x1024.jpg\" alt=\"\" class=\"wp-image-704\" srcset=\"https:\/\/drszakalagnes.hu\/wp-content\/uploads\/2026\/03\/emdr-terapeuta-kecskemet-2-682x1024.jpg 682w, https:\/\/drszakalagnes.hu\/wp-content\/uploads\/2026\/03\/emdr-terapeuta-kecskemet-2-200x300.jpg 200w, https:\/\/drszakalagnes.hu\/wp-content\/uploads\/2026\/03\/emdr-terapeuta-kecskemet-2-768x1154.jpg 768w, https:\/\/drszakalagnes.hu\/wp-content\/uploads\/2026\/03\/emdr-terapeuta-kecskemet-2.jpg 800w\" sizes=\"auto, (max-width: 682px) 100vw, 682px\" \/><\/a><\/figure>\n\n\n\n<figure class=\"wp-block-image size-large\"><a href=\"https:\/\/drszakalagnes.hu\/wp-content\/uploads\/2026\/03\/emdr-terapeuta-kecskemet-3.jpg\"><img loading=\"lazy\" decoding=\"async\" width=\"681\" height=\"1024\" data-id=\"703\" src=\"https:\/\/drszakalagnes.hu\/wp-content\/uploads\/2026\/03\/emdr-terapeuta-kecskemet-3-681x1024.jpg\" alt=\"\" class=\"wp-image-703\" srcset=\"https:\/\/drszakalagnes.hu\/wp-content\/uploads\/2026\/03\/emdr-terapeuta-kecskemet-3-681x1024.jpg 681w, https:\/\/drszakalagnes.hu\/wp-content\/uploads\/2026\/03\/emdr-terapeuta-kecskemet-3-200x300.jpg 200w, https:\/\/drszakalagnes.hu\/wp-content\/uploads\/2026\/03\/emdr-terapeuta-kecskemet-3-768x1155.jpg 768w, https:\/\/drszakalagnes.hu\/wp-content\/uploads\/2026\/03\/emdr-terapeuta-kecskemet-3.jpg 800w\" sizes=\"auto, (max-width: 681px) 100vw, 681px\" \/><\/a><\/figure>\n\n\n\n<figure class=\"wp-block-image size-large\"><a href=\"https:\/\/drszakalagnes.hu\/wp-content\/uploads\/2026\/03\/emdr-terapeuta-kecskemet-8.jpg\"><img loading=\"lazy\" decoding=\"async\" width=\"682\" height=\"1024\" data-id=\"696\" src=\"https:\/\/drszakalagnes.hu\/wp-content\/uploads\/2026\/03\/emdr-terapeuta-kecskemet-8-682x1024.jpg\" alt=\"\" class=\"wp-image-696\" srcset=\"https:\/\/drszakalagnes.hu\/wp-content\/uploads\/2026\/03\/emdr-terapeuta-kecskemet-8-682x1024.jpg 682w, https:\/\/drszakalagnes.hu\/wp-content\/uploads\/2026\/03\/emdr-terapeuta-kecskemet-8-200x300.jpg 200w, https:\/\/drszakalagnes.hu\/wp-content\/uploads\/2026\/03\/emdr-terapeuta-kecskemet-8-768x1154.jpg 768w, https:\/\/drszakalagnes.hu\/wp-content\/uploads\/2026\/03\/emdr-terapeuta-kecskemet-8.jpg 800w\" sizes=\"auto, (max-width: 682px) 100vw, 682px\" \/><\/a><\/figure>\n\n\n\n<figure class=\"wp-block-image size-large\"><a href=\"https:\/\/drszakalagnes.hu\/wp-content\/uploads\/2026\/03\/emdr-terapeuta-kecskemet-1.jpg\"><img loading=\"lazy\" decoding=\"async\" width=\"682\" height=\"1024\" data-id=\"702\" src=\"https:\/\/drszakalagnes.hu\/wp-content\/uploads\/2026\/03\/emdr-terapeuta-kecskemet-1-682x1024.jpg\" alt=\"\" class=\"wp-image-702\" srcset=\"https:\/\/drszakalagnes.hu\/wp-content\/uploads\/2026\/03\/emdr-terapeuta-kecskemet-1-682x1024.jpg 682w, https:\/\/drszakalagnes.hu\/wp-content\/uploads\/2026\/03\/emdr-terapeuta-kecskemet-1-200x300.jpg 200w, https:\/\/drszakalagnes.hu\/wp-content\/uploads\/2026\/03\/emdr-terapeuta-kecskemet-1-768x1154.jpg 768w, https:\/\/drszakalagnes.hu\/wp-content\/uploads\/2026\/03\/emdr-terapeuta-kecskemet-1.jpg 800w\" sizes=\"auto, (max-width: 682px) 100vw, 682px\" \/><\/a><\/figure>\n\n\n\n<figure class=\"wp-block-image size-large\"><a href=\"https:\/\/drszakalagnes.hu\/wp-content\/uploads\/2026\/03\/dr_szakal_agnes.jpg\"><img loading=\"lazy\" decoding=\"async\" width=\"682\" height=\"1024\" data-id=\"569\" src=\"https:\/\/drszakalagnes.hu\/wp-content\/uploads\/2026\/03\/dr_szakal_agnes-682x1024.jpg\" alt=\"\" class=\"wp-image-569\" srcset=\"https:\/\/drszakalagnes.hu\/wp-content\/uploads\/2026\/03\/dr_szakal_agnes-682x1024.jpg 682w, https:\/\/drszakalagnes.hu\/wp-content\/uploads\/2026\/03\/dr_szakal_agnes-200x300.jpg 200w, https:\/\/drszakalagnes.hu\/wp-content\/uploads\/2026\/03\/dr_szakal_agnes-768x1154.jpg 768w, https:\/\/drszakalagnes.hu\/wp-content\/uploads\/2026\/03\/dr_szakal_agnes.jpg 800w\" sizes=\"auto, (max-width: 682px) 100vw, 682px\" \/><\/a><\/figure>\n\n\n\n<figure class=\"wp-block-image size-large\"><a href=\"https:\/\/drszakalagnes.hu\/wp-content\/uploads\/2026\/03\/emdr-terapeuta-kecskemet-17.jpg\"><img loading=\"lazy\" decoding=\"async\" width=\"682\" height=\"1024\" data-id=\"701\" src=\"https:\/\/drszakalagnes.hu\/wp-content\/uploads\/2026\/03\/emdr-terapeuta-kecskemet-17-682x1024.jpg\" alt=\"\" class=\"wp-image-701\" srcset=\"https:\/\/drszakalagnes.hu\/wp-content\/uploads\/2026\/03\/emdr-terapeuta-kecskemet-17-682x1024.jpg 682w, https:\/\/drszakalagnes.hu\/wp-content\/uploads\/2026\/03\/emdr-terapeuta-kecskemet-17-200x300.jpg 200w, https:\/\/drszakalagnes.hu\/wp-content\/uploads\/2026\/03\/emdr-terapeuta-kecskemet-17-768x1154.jpg 768w, https:\/\/drszakalagnes.hu\/wp-content\/uploads\/2026\/03\/emdr-terapeuta-kecskemet-17.jpg 800w\" sizes=\"auto, (max-width: 682px) 100vw, 682px\" \/><\/a><\/figure>\n\n\n\n<figure class=\"wp-block-image size-large\"><a href=\"https:\/\/drszakalagnes.hu\/wp-content\/uploads\/2026\/03\/emdr-terapeuta-kecskemet-5.jpg\"><img loading=\"lazy\" decoding=\"async\" width=\"681\" height=\"1024\" data-id=\"700\" src=\"https:\/\/drszakalagnes.hu\/wp-content\/uploads\/2026\/03\/emdr-terapeuta-kecskemet-5-681x1024.jpg\" alt=\"\" class=\"wp-image-700\" srcset=\"https:\/\/drszakalagnes.hu\/wp-content\/uploads\/2026\/03\/emdr-terapeuta-kecskemet-5-681x1024.jpg 681w, https:\/\/drszakalagnes.hu\/wp-content\/uploads\/2026\/03\/emdr-terapeuta-kecskemet-5-200x300.jpg 200w, https:\/\/drszakalagnes.hu\/wp-content\/uploads\/2026\/03\/emdr-terapeuta-kecskemet-5-768x1155.jpg 768w, https:\/\/drszakalagnes.hu\/wp-content\/uploads\/2026\/03\/emdr-terapeuta-kecskemet-5.jpg 800w\" sizes=\"auto, (max-width: 681px) 100vw, 681px\" \/><\/a><\/figure>\n\n\n\n<figure class=\"wp-block-image size-large\"><a href=\"https:\/\/drszakalagnes.hu\/wp-content\/uploads\/2026\/03\/dr_szakal_agnes2.jpg\"><img loading=\"lazy\" decoding=\"async\" width=\"682\" height=\"1024\" data-id=\"593\" src=\"https:\/\/drszakalagnes.hu\/wp-content\/uploads\/2026\/03\/dr_szakal_agnes2-682x1024.jpg\" alt=\"\" class=\"wp-image-593\" srcset=\"https:\/\/drszakalagnes.hu\/wp-content\/uploads\/2026\/03\/dr_szakal_agnes2-682x1024.jpg 682w, https:\/\/drszakalagnes.hu\/wp-content\/uploads\/2026\/03\/dr_szakal_agnes2-200x300.jpg 200w, https:\/\/drszakalagnes.hu\/wp-content\/uploads\/2026\/03\/dr_szakal_agnes2-768x1154.jpg 768w, https:\/\/drszakalagnes.hu\/wp-content\/uploads\/2026\/03\/dr_szakal_agnes2.jpg 800w\" sizes=\"auto, (max-width: 682px) 100vw, 682px\" \/><\/a><\/figure>\n\n\n\n<figure class=\"wp-block-image size-large\"><a href=\"https:\/\/drszakalagnes.hu\/wp-content\/uploads\/2026\/03\/emdr-terapeuta-kecskemet-13.jpg\"><img loading=\"lazy\" decoding=\"async\" width=\"682\" height=\"1024\" data-id=\"699\" src=\"https:\/\/drszakalagnes.hu\/wp-content\/uploads\/2026\/03\/emdr-terapeuta-kecskemet-13-682x1024.jpg\" alt=\"\" class=\"wp-image-699\" srcset=\"https:\/\/drszakalagnes.hu\/wp-content\/uploads\/2026\/03\/emdr-terapeuta-kecskemet-13-682x1024.jpg 682w, https:\/\/drszakalagnes.hu\/wp-content\/uploads\/2026\/03\/emdr-terapeuta-kecskemet-13-200x300.jpg 200w, https:\/\/drszakalagnes.hu\/wp-content\/uploads\/2026\/03\/emdr-terapeuta-kecskemet-13-768x1154.jpg 768w, https:\/\/drszakalagnes.hu\/wp-content\/uploads\/2026\/03\/emdr-terapeuta-kecskemet-13.jpg 800w\" sizes=\"auto, (max-width: 682px) 100vw, 682px\" \/><\/a><\/figure>\n\n\n\n<figure class=\"wp-block-image size-large\"><a href=\"https:\/\/drszakalagnes.hu\/wp-content\/uploads\/2026\/03\/emdr-terapeuta-kecskemet-7.jpg\"><img loading=\"lazy\" decoding=\"async\" width=\"682\" height=\"1024\" data-id=\"698\" src=\"https:\/\/drszakalagnes.hu\/wp-content\/uploads\/2026\/03\/emdr-terapeuta-kecskemet-7-682x1024.jpg\" alt=\"\" class=\"wp-image-698\" srcset=\"https:\/\/drszakalagnes.hu\/wp-content\/uploads\/2026\/03\/emdr-terapeuta-kecskemet-7-682x1024.jpg 682w, https:\/\/drszakalagnes.hu\/wp-content\/uploads\/2026\/03\/emdr-terapeuta-kecskemet-7-200x300.jpg 200w, https:\/\/drszakalagnes.hu\/wp-content\/uploads\/2026\/03\/emdr-terapeuta-kecskemet-7-768x1154.jpg 768w, https:\/\/drszakalagnes.hu\/wp-content\/uploads\/2026\/03\/emdr-terapeuta-kecskemet-7.jpg 800w\" sizes=\"auto, (max-width: 682px) 100vw, 682px\" \/><\/a><\/figure>\n<\/figure>\n<\/div>\n","protected":false},"excerpt":{"rendered":"<p>Gal\u00e9ria<\/p>\n","protected":false},"author":1,"featured_media":0,"parent":0,"menu_order":0,"comment_status":"closed","ping_status":"closed","template":"","meta":{"footnotes":""},"class_list":["post-727","page","type-page","status-publish"],"yoast_head":"<!-- This site is optimized with the Yoast SEO plugin v27.0 - https:\/\/yoast.com\/product\/yoast-seo-wordpress\/ -->\n<title>Gal\u00e9ria | dr. Szak\u00e1l \u00c1gnes<\/title>\n<meta name=\"robots\" content=\"index, follow, max-snippet:-1, max-image-preview:large, max-video-preview:-1\" \/>\n<link rel=\"canonical\" href=\"https:\/\/drszakalagnes.hu\/index.php\/galeria\/\" \/>\n<meta property=\"og:locale\" content=\"hu_HU\" \/>\n<meta property=\"og:type\" content=\"article\" \/>\n<meta property=\"og:title\" content=\"Gal\u00e9ria | dr. Szak\u00e1l \u00c1gnes\" \/>\n<meta property=\"og:description\" content=\"Gal\u00e9ria\" \/>\n<meta property=\"og:url\" content=\"https:\/\/drszakalagnes.hu\/index.php\/galeria\/\" \/>\n<meta property=\"og:site_name\" content=\"dr. Szak\u00e1l \u00c1gnes\" \/>\n<meta property=\"article:modified_time\" content=\"2026-03-15T14:35:52+00:00\" \/>\n<meta property=\"og:image\" content=\"https:\/\/drszakalagnes.hu\/wp-content\/uploads\/2026\/03\/emdr-terapeuta-kecskemet-11.jpg\" \/>\n\t<meta property=\"og:image:width\" content=\"800\" \/>\n\t<meta property=\"og:image:height\" content=\"1202\" \/>\n\t<meta property=\"og:image:type\" content=\"image\/jpeg\" \/>\n<meta name=\"twitter:card\" content=\"summary_large_image\" \/>\n<meta name=\"twitter:label1\" content=\"Becs\u00fclt olvas\u00e1si id\u0151\" \/>\n\t<meta name=\"twitter:data1\" content=\"3 perc\" \/>\n<script type=\"application\/ld+json\" class=\"yoast-schema-graph\">{\"@context\":\"https:\/\/schema.org\",\"@graph\":[{\"@type\":\"WebPage\",\"@id\":\"https:\/\/drszakalagnes.hu\/index.php\/galeria\/\",\"url\":\"https:\/\/drszakalagnes.hu\/index.php\/galeria\/\",\"name\":\"Gal\u00e9ria | dr. Szak\u00e1l \u00c1gnes\",\"isPartOf\":{\"@id\":\"https:\/\/drszakalagnes.hu\/#website\"},\"primaryImageOfPage\":{\"@id\":\"https:\/\/drszakalagnes.hu\/index.php\/galeria\/#primaryimage\"},\"image\":{\"@id\":\"https:\/\/drszakalagnes.hu\/index.php\/galeria\/#primaryimage\"},\"thumbnailUrl\":\"https:\/\/drszakalagnes.hu\/wp-content\/uploads\/2026\/03\/emdr-terapeuta-kecskemet-11-682x1024.jpg\",\"datePublished\":\"2026-03-11T16:37:07+00:00\",\"dateModified\":\"2026-03-15T14:35:52+00:00\",\"breadcrumb\":{\"@id\":\"https:\/\/drszakalagnes.hu\/index.php\/galeria\/#breadcrumb\"},\"inLanguage\":\"hu\",\"potentialAction\":[{\"@type\":\"ReadAction\",\"target\":[\"https:\/\/drszakalagnes.hu\/index.php\/galeria\/\"]}]},{\"@type\":\"ImageObject\",\"inLanguage\":\"hu\",\"@id\":\"https:\/\/drszakalagnes.hu\/index.php\/galeria\/#primaryimage\",\"url\":\"https:\/\/drszakalagnes.hu\/wp-content\/uploads\/2026\/03\/emdr-terapeuta-kecskemet-11.jpg\",\"contentUrl\":\"https:\/\/drszakalagnes.hu\/wp-content\/uploads\/2026\/03\/emdr-terapeuta-kecskemet-11.jpg\",\"width\":800,\"height\":1202},{\"@type\":\"BreadcrumbList\",\"@id\":\"https:\/\/drszakalagnes.hu\/index.php\/galeria\/#breadcrumb\",\"itemListElement\":[{\"@type\":\"ListItem\",\"position\":1,\"name\":\"Home\",\"item\":\"https:\/\/drszakalagnes.hu\/\"},{\"@type\":\"ListItem\",\"position\":2,\"name\":\"Gal\u00e9ria\"}]},{\"@type\":\"WebSite\",\"@id\":\"https:\/\/drszakalagnes.hu\/#website\",\"url\":\"https:\/\/drszakalagnes.hu\/\",\"name\":\"dr. Szak\u00e1l \u00c1gnes\",\"description\":\"EMDR terapeuta - Kecskem\u00e9t\",\"potentialAction\":[{\"@type\":\"SearchAction\",\"target\":{\"@type\":\"EntryPoint\",\"urlTemplate\":\"https:\/\/drszakalagnes.hu\/?s={search_term_string}\"},\"query-input\":{\"@type\":\"PropertyValueSpecification\",\"valueRequired\":true,\"valueName\":\"search_term_string\"}}],\"inLanguage\":\"hu\"}]}<\/script>\n<!-- \/ Yoast SEO plugin. -->","yoast_head_json":{"title":"Gal\u00e9ria | dr. Szak\u00e1l \u00c1gnes","robots":{"index":"index","follow":"follow","max-snippet":"max-snippet:-1","max-image-preview":"max-image-preview:large","max-video-preview":"max-video-preview:-1"},"canonical":"https:\/\/drszakalagnes.hu\/index.php\/galeria\/","og_locale":"hu_HU","og_type":"article","og_title":"Gal\u00e9ria | dr. Szak\u00e1l \u00c1gnes","og_description":"Gal\u00e9ria","og_url":"https:\/\/drszakalagnes.hu\/index.php\/galeria\/","og_site_name":"dr. Szak\u00e1l \u00c1gnes","article_modified_time":"2026-03-15T14:35:52+00:00","og_image":[{"width":800,"height":1202,"url":"https:\/\/drszakalagnes.hu\/wp-content\/uploads\/2026\/03\/emdr-terapeuta-kecskemet-11.jpg","type":"image\/jpeg"}],"twitter_card":"summary_large_image","twitter_misc":{"Becs\u00fclt olvas\u00e1si id\u0151":"3 perc"},"schema":{"@context":"https:\/\/schema.org","@graph":[{"@type":"WebPage","@id":"https:\/\/drszakalagnes.hu\/index.php\/galeria\/","url":"https:\/\/drszakalagnes.hu\/index.php\/galeria\/","name":"Gal\u00e9ria | dr. Szak\u00e1l \u00c1gnes","isPartOf":{"@id":"https:\/\/drszakalagnes.hu\/#website"},"primaryImageOfPage":{"@id":"https:\/\/drszakalagnes.hu\/index.php\/galeria\/#primaryimage"},"image":{"@id":"https:\/\/drszakalagnes.hu\/index.php\/galeria\/#primaryimage"},"thumbnailUrl":"https:\/\/drszakalagnes.hu\/wp-content\/uploads\/2026\/03\/emdr-terapeuta-kecskemet-11-682x1024.jpg","datePublished":"2026-03-11T16:37:07+00:00","dateModified":"2026-03-15T14:35:52+00:00","breadcrumb":{"@id":"https:\/\/drszakalagnes.hu\/index.php\/galeria\/#breadcrumb"},"inLanguage":"hu","potentialAction":[{"@type":"ReadAction","target":["https:\/\/drszakalagnes.hu\/index.php\/galeria\/"]}]},{"@type":"ImageObject","inLanguage":"hu","@id":"https:\/\/drszakalagnes.hu\/index.php\/galeria\/#primaryimage","url":"https:\/\/drszakalagnes.hu\/wp-content\/uploads\/2026\/03\/emdr-terapeuta-kecskemet-11.jpg","contentUrl":"https:\/\/drszakalagnes.hu\/wp-content\/uploads\/2026\/03\/emdr-terapeuta-kecskemet-11.jpg","width":800,"height":1202},{"@type":"BreadcrumbList","@id":"https:\/\/drszakalagnes.hu\/index.php\/galeria\/#breadcrumb","itemListElement":[{"@type":"ListItem","position":1,"name":"Home","item":"https:\/\/drszakalagnes.hu\/"},{"@type":"ListItem","position":2,"name":"Gal\u00e9ria"}]},{"@type":"WebSite","@id":"https:\/\/drszakalagnes.hu\/#website","url":"https:\/\/drszakalagnes.hu\/","name":"dr. Szak\u00e1l \u00c1gnes","description":"EMDR terapeuta - Kecskem\u00e9t","potentialAction":[{"@type":"SearchAction","target":{"@type":"EntryPoint","urlTemplate":"https:\/\/drszakalagnes.hu\/?s={search_term_string}"},"query-input":{"@type":"PropertyValueSpecification","valueRequired":true,"valueName":"search_term_string"}}],"inLanguage":"hu"}]}},"_links":{"self":[{"href":"https:\/\/drszakalagnes.hu\/index.php\/wp-json\/wp\/v2\/pages\/727","targetHints":{"allow":["GET"]}}],"collection":[{"href":"https:\/\/drszakalagnes.hu\/index.php\/wp-json\/wp\/v2\/pages"}],"about":[{"href":"https:\/\/drszakalagnes.hu\/index.php\/wp-json\/wp\/v2\/types\/page"}],"author":[{"embeddable":true,"href":"https:\/\/drszakalagnes.hu\/index.php\/wp-json\/wp\/v2\/users\/1"}],"replies":[{"embeddable":true,"href":"https:\/\/drszakalagnes.hu\/index.php\/wp-json\/wp\/v2\/comments?post=727"}],"version-history":[{"count":8,"href":"https:\/\/drszakalagnes.hu\/index.php\/wp-json\/wp\/v2\/pages\/727\/revisions"}],"predecessor-version":[{"id":765,"href":"https:\/\/drszakalagnes.hu\/index.php\/wp-json\/wp\/v2\/pages\/727\/revisions\/765"}],"wp:attachment":[{"href":"https:\/\/drszakalagnes.hu\/index.php\/wp-json\/wp\/v2\/media?parent=727"}],"curies":[{"name":"wp","href":"https:\/\/api.w.org\/{rel}","templated":true}]}}