{"id":38,"date":"2026-02-13T15:56:13","date_gmt":"2026-02-13T14:56:13","guid":{"rendered":"http:\/\/localhost:8080\/?page_id=38"},"modified":"2026-03-11T16:36:19","modified_gmt":"2026-03-11T15:36:19","slug":"dijazas-es-tudnivalok","status":"publish","type":"page","link":"https:\/\/drszakalagnes.hu\/index.php\/dijazas-es-tudnivalok\/","title":{"rendered":"D\u00edjaz\u00e1s \u00e9s tudnival\u00f3k"},"content":{"rendered":"\n<div class=\"gb-element-e3e1cb1a\">\n<h2 class=\"gb-text gb-text-19ec7107\">Konzult\u00e1ci\u00f3k id\u0151tartama<\/h2>\n\n\n\n<p>Egy konzult\u00e1ci\u00f3 id\u0151tartama <strong>50 perc<\/strong>.<br>Az \u00fcl\u00e9sek el\u0151re egyeztetett id\u0151pontban, szem\u00e9lyes form\u00e1ban zajlanak Kecskem\u00e9ten.<br>Egy\u00e9ni konzult\u00e1ci\u00f3t sz\u00fcks\u00e9g eset\u00e9n online form\u00e1ban is biztos\u00edtok.<\/p>\n\n\n\n<h2 class=\"gb-text gb-text-72cee9d0\">D\u00edjaz\u00e1s<\/h2>\n\n\n\n<ul class=\"wp-block-list\">\n<li><strong>Egy\u00e9ni konzult\u00e1ci\u00f3 (50 perc):<\/strong> 16 000 Ft<\/li>\n\n\n\n<li><strong>P\u00e1rkapcsolati konzult\u00e1ci\u00f3 (50 perc): <\/strong>20 000Ft<\/li>\n\n\n\n<li><strong>EMDR ter\u00e1pia:<\/strong> a folyamat jelleg\u00e9hez \u00e9s az egy\u00e9ni sz\u00fcks\u00e9gletekhez igazod\u00f3 d\u00edjaz\u00e1s<\/li>\n<\/ul>\n\n\n\n<p>A d\u00edjakr\u00f3l \u00e9s a folyamat kereteir\u0151l az id\u0151pont-egyeztet\u00e9s sor\u00e1n r\u00e9szletes t\u00e1j\u00e9koztat\u00e1st adok.<\/p>\n\n\n\n<h2 class=\"gb-text gb-text-95d436b9\">Tudnival\u00f3k<\/h2>\n\n\n\n<p>A konzult\u00e1ci\u00f3k pszichol\u00f3giai tan\u00e1csad\u00e1s keret\u00e9ben zajlanak.<br>A szolg\u00e1ltat\u00e1s nem min\u0151s\u00fcl eg\u00e9szs\u00e9g\u00fcgyi ell\u00e1t\u00e1snak, \u00e9s nem helyettes\u00edti az orvosi vagy pszichi\u00e1triai kezel\u00e9st.<\/p>\n\n\n\n<p>Az egy\u00fcttm\u0171k\u00f6d\u00e9s sor\u00e1n a <strong>szakmai \u00e9s etikai ir\u00e1nyelvek<\/strong>, valamint a <strong>titoktart\u00e1s szab\u00e1lyai<\/strong> marad\u00e9ktalanul \u00e9rv\u00e9nyes\u00fclnek.<\/p>\n\n\n\n<h2 class=\"gb-text gb-text-de6a043f\">Lemond\u00e1s \u00e9s id\u0151pont-m\u00f3dos\u00edt\u00e1s<\/h2>\n\n\n\n<p>Az egyeztetett id\u0151pont lemond\u00e1sa vagy m\u00f3dos\u00edt\u00e1sa <strong>legk\u00e9s\u0151bb 24 \u00f3r\u00e1val az \u00fcl\u00e9s el\u0151tt<\/strong> lehets\u00e9ges.<\/p>\n\n\n\n<p>24 \u00f3r\u00e1n bel\u00fcli lemond\u00e1s, illetve meg nem jelen\u00e9s eset\u00e9n a konzult\u00e1ci\u00f3 <strong>d\u00edja felsz\u00e1m\u00edt\u00e1sra ker\u00fcl<\/strong>.<\/p>\n\n\n\n<p>Ez a szab\u00e1ly biztos\u00edtja a kisz\u00e1m\u00edthat\u00f3 m\u0171k\u00f6d\u00e9st \u00e9s az id\u0151pontok m\u00e1s kliensek sz\u00e1m\u00e1ra t\u00f6rt\u00e9n\u0151 felszabad\u00edt\u00e1s\u00e1nak lehet\u0151s\u00e9g\u00e9t.<\/p>\n<\/div>\n","protected":false},"excerpt":{"rendered":"<p>Konzult\u00e1ci\u00f3k id\u0151tartama Egy konzult\u00e1ci\u00f3 id\u0151tartama 50 perc.Az \u00fcl\u00e9sek el\u0151re egyeztetett id\u0151pontban, szem\u00e9lyes form\u00e1ban zajlanak Kecskem\u00e9ten.Egy\u00e9ni konzult\u00e1ci\u00f3t sz\u00fcks\u00e9g eset\u00e9n online form\u00e1ban is biztos\u00edtok. D\u00edjaz\u00e1s A d\u00edjakr\u00f3l \u00e9s a folyamat kereteir\u0151l az id\u0151pont-egyeztet\u00e9s sor\u00e1n r\u00e9szletes t\u00e1j\u00e9koztat\u00e1st adok. Tudnival\u00f3k A konzult\u00e1ci\u00f3k pszichol\u00f3giai tan\u00e1csad\u00e1s keret\u00e9ben zajlanak.A szolg\u00e1ltat\u00e1s nem min\u0151s\u00fcl eg\u00e9szs\u00e9g\u00fcgyi ell\u00e1t\u00e1snak, \u00e9s nem helyettes\u00edti az orvosi vagy pszichi\u00e1triai kezel\u00e9st. &#8230; <a title=\"D\u00edjaz\u00e1s \u00e9s tudnival\u00f3k\" class=\"read-more\" href=\"https:\/\/drszakalagnes.hu\/index.php\/dijazas-es-tudnivalok\/\" aria-label=\"Read more about D\u00edjaz\u00e1s \u00e9s tudnival\u00f3k\">Olvass tov\u00e1bb<\/a><\/p>\n","protected":false},"author":1,"featured_media":0,"parent":0,"menu_order":0,"comment_status":"closed","ping_status":"closed","template":"","meta":{"footnotes":""},"class_list":["post-38","page","type-page","status-publish"],"yoast_head":"<!-- This site is optimized with the Yoast SEO plugin v27.0 - https:\/\/yoast.com\/product\/yoast-seo-wordpress\/ -->\n<title>D\u00edjaz\u00e1s \u00e9s tudnival\u00f3k | dr. Szak\u00e1l \u00c1gnes<\/title>\n<meta name=\"robots\" content=\"noindex, follow\" \/>\n<meta property=\"og:locale\" content=\"hu_HU\" \/>\n<meta property=\"og:type\" content=\"article\" \/>\n<meta property=\"og:title\" content=\"D\u00edjaz\u00e1s \u00e9s tudnival\u00f3k | dr. Szak\u00e1l \u00c1gnes\" \/>\n<meta property=\"og:description\" content=\"Konzult\u00e1ci\u00f3k id\u0151tartama Egy konzult\u00e1ci\u00f3 id\u0151tartama 50 perc.Az \u00fcl\u00e9sek el\u0151re egyeztetett id\u0151pontban, szem\u00e9lyes form\u00e1ban zajlanak Kecskem\u00e9ten.Egy\u00e9ni konzult\u00e1ci\u00f3t sz\u00fcks\u00e9g eset\u00e9n online form\u00e1ban is biztos\u00edtok. D\u00edjaz\u00e1s A d\u00edjakr\u00f3l \u00e9s a folyamat kereteir\u0151l az id\u0151pont-egyeztet\u00e9s sor\u00e1n r\u00e9szletes t\u00e1j\u00e9koztat\u00e1st adok. Tudnival\u00f3k A konzult\u00e1ci\u00f3k pszichol\u00f3giai tan\u00e1csad\u00e1s keret\u00e9ben zajlanak.A szolg\u00e1ltat\u00e1s nem min\u0151s\u00fcl eg\u00e9szs\u00e9g\u00fcgyi ell\u00e1t\u00e1snak, \u00e9s nem helyettes\u00edti az orvosi vagy pszichi\u00e1triai kezel\u00e9st. ... Olvass tov\u00e1bb\" \/>\n<meta property=\"og:url\" content=\"https:\/\/drszakalagnes.hu\/index.php\/dijazas-es-tudnivalok\/\" \/>\n<meta property=\"og:site_name\" content=\"dr. Szak\u00e1l \u00c1gnes\" \/>\n<meta property=\"article:modified_time\" content=\"2026-03-11T15:36:19+00:00\" \/>\n<meta name=\"twitter:card\" content=\"summary_large_image\" \/>\n<meta name=\"twitter:label1\" content=\"Becs\u00fclt olvas\u00e1si id\u0151\" \/>\n\t<meta name=\"twitter:data1\" content=\"1 perc\" \/>\n<script type=\"application\/ld+json\" class=\"yoast-schema-graph\">{\"@context\":\"https:\/\/schema.org\",\"@graph\":[{\"@type\":\"WebPage\",\"@id\":\"https:\/\/drszakalagnes.hu\/index.php\/dijazas-es-tudnivalok\/\",\"url\":\"https:\/\/drszakalagnes.hu\/index.php\/dijazas-es-tudnivalok\/\",\"name\":\"D\u00edjaz\u00e1s \u00e9s tudnival\u00f3k | dr. Szak\u00e1l \u00c1gnes\",\"isPartOf\":{\"@id\":\"https:\/\/drszakalagnes.hu\/#website\"},\"datePublished\":\"2026-02-13T14:56:13+00:00\",\"dateModified\":\"2026-03-11T15:36:19+00:00\",\"breadcrumb\":{\"@id\":\"https:\/\/drszakalagnes.hu\/index.php\/dijazas-es-tudnivalok\/#breadcrumb\"},\"inLanguage\":\"hu\",\"potentialAction\":[{\"@type\":\"ReadAction\",\"target\":[\"https:\/\/drszakalagnes.hu\/index.php\/dijazas-es-tudnivalok\/\"]}]},{\"@type\":\"BreadcrumbList\",\"@id\":\"https:\/\/drszakalagnes.hu\/index.php\/dijazas-es-tudnivalok\/#breadcrumb\",\"itemListElement\":[{\"@type\":\"ListItem\",\"position\":1,\"name\":\"Home\",\"item\":\"https:\/\/drszakalagnes.hu\/\"},{\"@type\":\"ListItem\",\"position\":2,\"name\":\"D\u00edjaz\u00e1s \u00e9s tudnival\u00f3k\"}]},{\"@type\":\"WebSite\",\"@id\":\"https:\/\/drszakalagnes.hu\/#website\",\"url\":\"https:\/\/drszakalagnes.hu\/\",\"name\":\"dr. Szak\u00e1l \u00c1gnes\",\"description\":\"EMDR terapeuta - Kecskem\u00e9t\",\"potentialAction\":[{\"@type\":\"SearchAction\",\"target\":{\"@type\":\"EntryPoint\",\"urlTemplate\":\"https:\/\/drszakalagnes.hu\/?s={search_term_string}\"},\"query-input\":{\"@type\":\"PropertyValueSpecification\",\"valueRequired\":true,\"valueName\":\"search_term_string\"}}],\"inLanguage\":\"hu\"}]}<\/script>\n<!-- \/ Yoast SEO plugin. -->","yoast_head_json":{"title":"D\u00edjaz\u00e1s \u00e9s tudnival\u00f3k | dr. Szak\u00e1l \u00c1gnes","robots":{"index":"noindex","follow":"follow"},"og_locale":"hu_HU","og_type":"article","og_title":"D\u00edjaz\u00e1s \u00e9s tudnival\u00f3k | dr. Szak\u00e1l \u00c1gnes","og_description":"Konzult\u00e1ci\u00f3k id\u0151tartama Egy konzult\u00e1ci\u00f3 id\u0151tartama 50 perc.Az \u00fcl\u00e9sek el\u0151re egyeztetett id\u0151pontban, szem\u00e9lyes form\u00e1ban zajlanak Kecskem\u00e9ten.Egy\u00e9ni konzult\u00e1ci\u00f3t sz\u00fcks\u00e9g eset\u00e9n online form\u00e1ban is biztos\u00edtok. D\u00edjaz\u00e1s A d\u00edjakr\u00f3l \u00e9s a folyamat kereteir\u0151l az id\u0151pont-egyeztet\u00e9s sor\u00e1n r\u00e9szletes t\u00e1j\u00e9koztat\u00e1st adok. Tudnival\u00f3k A konzult\u00e1ci\u00f3k pszichol\u00f3giai tan\u00e1csad\u00e1s keret\u00e9ben zajlanak.A szolg\u00e1ltat\u00e1s nem min\u0151s\u00fcl eg\u00e9szs\u00e9g\u00fcgyi ell\u00e1t\u00e1snak, \u00e9s nem helyettes\u00edti az orvosi vagy pszichi\u00e1triai kezel\u00e9st. ... Olvass tov\u00e1bb","og_url":"https:\/\/drszakalagnes.hu\/index.php\/dijazas-es-tudnivalok\/","og_site_name":"dr. Szak\u00e1l \u00c1gnes","article_modified_time":"2026-03-11T15:36:19+00:00","twitter_card":"summary_large_image","twitter_misc":{"Becs\u00fclt olvas\u00e1si id\u0151":"1 perc"},"schema":{"@context":"https:\/\/schema.org","@graph":[{"@type":"WebPage","@id":"https:\/\/drszakalagnes.hu\/index.php\/dijazas-es-tudnivalok\/","url":"https:\/\/drszakalagnes.hu\/index.php\/dijazas-es-tudnivalok\/","name":"D\u00edjaz\u00e1s \u00e9s tudnival\u00f3k | dr. Szak\u00e1l \u00c1gnes","isPartOf":{"@id":"https:\/\/drszakalagnes.hu\/#website"},"datePublished":"2026-02-13T14:56:13+00:00","dateModified":"2026-03-11T15:36:19+00:00","breadcrumb":{"@id":"https:\/\/drszakalagnes.hu\/index.php\/dijazas-es-tudnivalok\/#breadcrumb"},"inLanguage":"hu","potentialAction":[{"@type":"ReadAction","target":["https:\/\/drszakalagnes.hu\/index.php\/dijazas-es-tudnivalok\/"]}]},{"@type":"BreadcrumbList","@id":"https:\/\/drszakalagnes.hu\/index.php\/dijazas-es-tudnivalok\/#breadcrumb","itemListElement":[{"@type":"ListItem","position":1,"name":"Home","item":"https:\/\/drszakalagnes.hu\/"},{"@type":"ListItem","position":2,"name":"D\u00edjaz\u00e1s \u00e9s tudnival\u00f3k"}]},{"@type":"WebSite","@id":"https:\/\/drszakalagnes.hu\/#website","url":"https:\/\/drszakalagnes.hu\/","name":"dr. Szak\u00e1l \u00c1gnes","description":"EMDR terapeuta - Kecskem\u00e9t","potentialAction":[{"@type":"SearchAction","target":{"@type":"EntryPoint","urlTemplate":"https:\/\/drszakalagnes.hu\/?s={search_term_string}"},"query-input":{"@type":"PropertyValueSpecification","valueRequired":true,"valueName":"search_term_string"}}],"inLanguage":"hu"}]}},"_links":{"self":[{"href":"https:\/\/drszakalagnes.hu\/index.php\/wp-json\/wp\/v2\/pages\/38","targetHints":{"allow":["GET"]}}],"collection":[{"href":"https:\/\/drszakalagnes.hu\/index.php\/wp-json\/wp\/v2\/pages"}],"about":[{"href":"https:\/\/drszakalagnes.hu\/index.php\/wp-json\/wp\/v2\/types\/page"}],"author":[{"embeddable":true,"href":"https:\/\/drszakalagnes.hu\/index.php\/wp-json\/wp\/v2\/users\/1"}],"replies":[{"embeddable":true,"href":"https:\/\/drszakalagnes.hu\/index.php\/wp-json\/wp\/v2\/comments?post=38"}],"version-history":[{"count":10,"href":"https:\/\/drszakalagnes.hu\/index.php\/wp-json\/wp\/v2\/pages\/38\/revisions"}],"predecessor-version":[{"id":679,"href":"https:\/\/drszakalagnes.hu\/index.php\/wp-json\/wp\/v2\/pages\/38\/revisions\/679"}],"wp:attachment":[{"href":"https:\/\/drszakalagnes.hu\/index.php\/wp-json\/wp\/v2\/media?parent=38"}],"curies":[{"name":"wp","href":"https:\/\/api.w.org\/{rel}","templated":true}]}}